{"id":341,"date":"2025-12-04T21:03:48","date_gmt":"2025-12-04T21:03:48","guid":{"rendered":"https:\/\/leben-nach-dem-frauenhaus.de\/?page_id=341"},"modified":"2025-12-08T09:49:20","modified_gmt":"2025-12-08T09:49:20","slug":"elementor-341","status":"publish","type":"page","link":"https:\/\/leben-nach-dem-frauenhaus.de\/?page_id=341","title":{"rendered":"Community"},"content":{"rendered":"\t\t<div data-elementor-type=\"wp-page\" data-elementor-id=\"341\" class=\"elementor elementor-341\">\n\t\t\t\t<div class=\"elementor-element elementor-element-2dec7e9a e-flex e-con-boxed e-con e-parent\" data-id=\"2dec7e9a\" data-element_type=\"container\">\n\t\t\t\t\t<div class=\"e-con-inner\">\n\t\t<div class=\"elementor-element elementor-element-3c18b9a5 e-con-full e-flex e-con e-child\" data-id=\"3c18b9a5\" data-element_type=\"container\">\n\t\t\t\t<div class=\"elementor-element elementor-element-165905f9 elementor-widget elementor-widget-heading\" data-id=\"165905f9\" data-element_type=\"widget\" data-widget_type=\"heading.default\">\n\t\t\t\t\t<h2 class=\"elementor-heading-title elementor-size-default\">Leben \nnach \ndem Frauenhaus\n<\/h2>\t\t\t\t<\/div>\n\t\t\t\t<\/div>\n\t\t\t\t\t<\/div>\n\t\t\t\t<\/div>\n\t\t<div class=\"elementor-element elementor-element-6635a33d e-flex e-con-boxed e-con e-parent\" data-id=\"6635a33d\" data-element_type=\"container\">\n\t\t\t\t\t<div class=\"e-con-inner\">\n\t\t<div class=\"elementor-element elementor-element-60265327 e-con-full e-flex e-con e-child\" data-id=\"60265327\" data-element_type=\"container\">\n\t\t\t\t<div class=\"elementor-element elementor-element-276e83c2 elementor-widget elementor-widget-heading\" data-id=\"276e83c2\" data-element_type=\"widget\" data-widget_type=\"heading.default\">\n\t\t\t\t\t<h2 class=\"elementor-heading-title elementor-size-default\">Community<\/h2>\t\t\t\t<\/div>\n\t\t\t\t<\/div>\n\t\t\t\t\t<\/div>\n\t\t\t\t<\/div>\n\t\t<div class=\"elementor-element elementor-element-24884147 e-flex e-con-boxed e-con e-parent\" data-id=\"24884147\" data-element_type=\"container\">\n\t\t\t\t\t<div class=\"e-con-inner\">\n\t\t<div class=\"elementor-element elementor-element-61f1df18 e-con-full e-flex e-con e-child\" data-id=\"61f1df18\" data-element_type=\"container\">\n\t\t\t\t<div class=\"elementor-element elementor-element-ef1339b elementor-widget elementor-widget-heading\" data-id=\"ef1339b\" data-element_type=\"widget\" data-widget_type=\"heading.default\">\n\t\t\t\t\t<h2 class=\"elementor-heading-title elementor-size-default\">Die Frauen beschreiben ihre Gemeinschaft als tragendes Netz \u2013 eine H\u00e4ngematte,\ndie auff\u00e4ngt. Durch Miteinander und F\u00fcreinander entsteht eine Wahlfamilie,\nNachbarschaft wird zu sicherem Boden. Viele erz\u00e4hlen, wie diese Community ihnen\nerm\u00f6glichte zu arbeiten, ihre Kinder zu versorgen und ihr (Arbeits)Leben neu zu\ngestalten. Diese allt\u00e4glichen solidarischen Akte bleiben oft unsichtbar \u2013 und doch\nsind sie das Fundament eines selbstbestimmten Lebens. Die Community zeigt:\nSicherheit entsteht nicht nur durch Institutionen, sondern durch gelebte\n\nVerbundenheit und durch ein f\u00fcreinander Eintreten. Gemeinsam sind wir st\u00e4rker als\njede Form von Gewalt.<\/h2>\t\t\t\t<\/div>\n\t\t\t\t<\/div>\n\t\t\t\t\t<\/div>\n\t\t\t\t<\/div>\n\t\t<div class=\"elementor-element elementor-element-26f14c7 e-flex e-con-boxed e-con e-parent\" data-id=\"26f14c7\" data-element_type=\"container\">\n\t\t\t\t\t<div class=\"e-con-inner\">\n\t\t<div class=\"elementor-element elementor-element-55d32cce e-con-full e-flex e-con e-child\" data-id=\"55d32cce\" data-element_type=\"container\">\n\t\t\t\t<div class=\"elementor-element elementor-element-1c229cb6 elementor-widget elementor-widget-image\" data-id=\"1c229cb6\" data-element_type=\"widget\" data-widget_type=\"image.default\">\n\t\t\t\t\t\t\t\t\t\t\t\t\t\t\t<img fetchpriority=\"high\" decoding=\"async\" width=\"1024\" height=\"677\" src=\"https:\/\/leben-nach-dem-frauenhaus.de\/wp-content\/uploads\/2025\/12\/Rectangle-82-1024x677.png\" class=\"attachment-large size-large wp-image-343\" alt=\"\" srcset=\"https:\/\/leben-nach-dem-frauenhaus.de\/wp-content\/uploads\/2025\/12\/Rectangle-82-1024x677.png 1024w, https:\/\/leben-nach-dem-frauenhaus.de\/wp-content\/uploads\/2025\/12\/Rectangle-82-300x198.png 300w, https:\/\/leben-nach-dem-frauenhaus.de\/wp-content\/uploads\/2025\/12\/Rectangle-82-768x508.png 768w, https:\/\/leben-nach-dem-frauenhaus.de\/wp-content\/uploads\/2025\/12\/Rectangle-82.png 1049w\" sizes=\"(max-width: 1024px) 100vw, 1024px\" \/>\t\t\t\t\t\t\t\t\t\t\t\t\t\t\t<\/div>\n\t\t\t\t<\/div>\n\t\t<div class=\"elementor-element elementor-element-fef67c e-con-full e-flex e-con e-child\" data-id=\"fef67c\" data-element_type=\"container\">\n\t\t\t\t<\/div>\n\t\t\t\t\t<\/div>\n\t\t\t\t<\/div>\n\t\t<div class=\"elementor-element elementor-element-18f7e1e e-flex e-con-boxed e-con e-parent\" data-id=\"18f7e1e\" data-element_type=\"container\">\n\t\t\t\t\t<div class=\"e-con-inner\">\n\t\t<div class=\"elementor-element elementor-element-4a1eb002 e-con-full e-flex e-con e-child\" data-id=\"4a1eb002\" data-element_type=\"container\">\n\t\t\t\t<\/div>\n\t\t<div class=\"elementor-element elementor-element-53537d81 e-con-full e-flex e-con e-child\" data-id=\"53537d81\" data-element_type=\"container\">\n\t\t\t\t<div class=\"elementor-element elementor-element-afd1bf5 elementor-widget elementor-widget-heading\" data-id=\"afd1bf5\" data-element_type=\"widget\" data-widget_type=\"heading.default\">\n\t\t\t\t\t<h2 class=\"elementor-heading-title elementor-size-default\">Frau H, 54 Jahre<\/h2>\t\t\t\t<\/div>\n\t\t\t\t<div class=\"elementor-element elementor-element-6ed48034 elementor-widget elementor-widget-heading\" data-id=\"6ed48034\" data-element_type=\"widget\" data-widget_type=\"heading.default\">\n\t\t\t\t\t<h2 class=\"elementor-heading-title elementor-size-default\">\u201cWir sind ja hier geblieben. Gek\u00e4mpft und geschafft, auf eigenen F\u00fc\u00dfe zu stehen und\nein neues Leben aufzubauen, und Kinder alleine gro\u00dfzuziehen. Wir sind freiwillig hier\ngeblieben, weil wir ja uns hatten.\u201d<\/h2>\t\t\t\t<\/div>\n\t\t\t\t<div class=\"elementor-element elementor-element-b3eea53 elementor-widget elementor-widget-text-editor\" data-id=\"b3eea53\" data-element_type=\"widget\" data-widget_type=\"text-editor.default\">\n\t\t\t\t\t\t\t\t\t<audio class=\"wp-audio-shortcode\" id=\"audio-341-1\" preload=\"none\" style=\"width: 100%;\" controls=\"controls\"><source type=\"audio\/mpeg\" src=\"https:\/\/leben-nach-dem-frauenhaus.de\/wp-content\/uploads\/2025\/12\/05_Community.mp3?_=1\" \/><a href=\"https:\/\/leben-nach-dem-frauenhaus.de\/wp-content\/uploads\/2025\/12\/05_Community.mp3\">https:\/\/leben-nach-dem-frauenhaus.de\/wp-content\/uploads\/2025\/12\/05_Community.mp3<\/a><\/audio>\t\t\t\t\t\t\t\t<\/div>\n\t\t\t\t<\/div>\n\t\t\t\t\t<\/div>\n\t\t\t\t<\/div>\n\t\t<div class=\"elementor-element elementor-element-6ec23a39 e-flex e-con-boxed e-con e-parent\" data-id=\"6ec23a39\" data-element_type=\"container\">\n\t\t\t\t\t<div class=\"e-con-inner\">\n\t\t<div class=\"elementor-element elementor-element-186cfd16 e-con-full e-flex e-con e-child\" data-id=\"186cfd16\" data-element_type=\"container\">\n\t\t\t\t<div class=\"elementor-element elementor-element-25e7f0b2 elementor-widget elementor-widget-heading\" data-id=\"25e7f0b2\" data-element_type=\"widget\" data-widget_type=\"heading.default\">\n\t\t\t\t\t<h2 class=\"elementor-heading-title elementor-size-default\">Frau B, 55 Jahre<\/h2>\t\t\t\t<\/div>\n\t\t\t\t<div class=\"elementor-element elementor-element-43763f95 elementor-widget elementor-widget-heading\" data-id=\"43763f95\" data-element_type=\"widget\" data-widget_type=\"heading.default\">\n\t\t\t\t\t<h2 class=\"elementor-heading-title elementor-size-default\">\u201eEgal, wie viel Zeit vergeht \u2013 es ist immer so, als w\u00e4ren wir gestern zusammen gewesen.\u201c<\/h2>\t\t\t\t<\/div>\n\t\t\t\t<div class=\"elementor-element elementor-element-38014819 elementor-widget elementor-widget-text-editor\" data-id=\"38014819\" data-element_type=\"widget\" data-widget_type=\"text-editor.default\">\n\t\t\t\t\t\t\t\t\t<audio class=\"wp-audio-shortcode\" id=\"audio-341-2\" preload=\"none\" style=\"width: 100%;\" controls=\"controls\"><source type=\"audio\/mpeg\" src=\"https:\/\/leben-nach-dem-frauenhaus.de\/wp-content\/uploads\/2025\/12\/09_Community2.mp3?_=2\" \/><a href=\"https:\/\/leben-nach-dem-frauenhaus.de\/wp-content\/uploads\/2025\/12\/09_Community2.mp3\">https:\/\/leben-nach-dem-frauenhaus.de\/wp-content\/uploads\/2025\/12\/09_Community2.mp3<\/a><\/audio>\t\t\t\t\t\t\t\t<\/div>\n\t\t\t\t<\/div>\n\t\t<div class=\"elementor-element elementor-element-706602c6 e-con-full e-flex e-con e-child\" data-id=\"706602c6\" data-element_type=\"container\">\n\t\t\t\t<\/div>\n\t\t\t\t\t<\/div>\n\t\t\t\t<\/div>\n\t\t\t\t<\/div>\n\t\t","protected":false},"excerpt":{"rendered":"<p>Leben nach dem Frauenhaus Community Die Frauen beschreiben ihre Gemeinschaft als tragendes Netz \u2013 eine H\u00e4ngematte, die auff\u00e4ngt. Durch Miteinander und F\u00fcreinander entsteht eine Wahlfamilie, Nachbarschaft wird zu sicherem Boden. Viele erz\u00e4hlen, wie diese Community ihnen erm\u00f6glichte zu arbeiten, ihre Kinder zu versorgen und ihr (Arbeits)Leben neu zu gestalten. Diese allt\u00e4glichen solidarischen Akte bleiben oft [&hellip;]<\/p>\n","protected":false},"author":2,"featured_media":0,"parent":0,"menu_order":0,"comment_status":"closed","ping_status":"closed","template":"","meta":{"footnotes":""},"class_list":["post-341","page","type-page","status-publish","hentry"],"_links":{"self":[{"href":"https:\/\/leben-nach-dem-frauenhaus.de\/index.php?rest_route=\/wp\/v2\/pages\/341","targetHints":{"allow":["GET"]}}],"collection":[{"href":"https:\/\/leben-nach-dem-frauenhaus.de\/index.php?rest_route=\/wp\/v2\/pages"}],"about":[{"href":"https:\/\/leben-nach-dem-frauenhaus.de\/index.php?rest_route=\/wp\/v2\/types\/page"}],"author":[{"embeddable":true,"href":"https:\/\/leben-nach-dem-frauenhaus.de\/index.php?rest_route=\/wp\/v2\/users\/2"}],"replies":[{"embeddable":true,"href":"https:\/\/leben-nach-dem-frauenhaus.de\/index.php?rest_route=%2Fwp%2Fv2%2Fcomments&post=341"}],"version-history":[{"count":14,"href":"https:\/\/leben-nach-dem-frauenhaus.de\/index.php?rest_route=\/wp\/v2\/pages\/341\/revisions"}],"predecessor-version":[{"id":448,"href":"https:\/\/leben-nach-dem-frauenhaus.de\/index.php?rest_route=\/wp\/v2\/pages\/341\/revisions\/448"}],"wp:attachment":[{"href":"https:\/\/leben-nach-dem-frauenhaus.de\/index.php?rest_route=%2Fwp%2Fv2%2Fmedia&parent=341"}],"curies":[{"name":"wp","href":"https:\/\/api.w.org\/{rel}","templated":true}]}}