{"id":319,"date":"2025-12-04T20:47:30","date_gmt":"2025-12-04T20:47:30","guid":{"rendered":"https:\/\/leben-nach-dem-frauenhaus.de\/?page_id=319"},"modified":"2025-12-08T09:48:16","modified_gmt":"2025-12-08T09:48:16","slug":"elementor-319","status":"publish","type":"page","link":"https:\/\/leben-nach-dem-frauenhaus.de\/?page_id=319","title":{"rendered":"Engagmant"},"content":{"rendered":"\t\t<div data-elementor-type=\"wp-page\" data-elementor-id=\"319\" class=\"elementor elementor-319\">\n\t\t\t\t<div class=\"elementor-element elementor-element-53c64902 e-flex e-con-boxed e-con e-parent\" data-id=\"53c64902\" data-element_type=\"container\">\n\t\t\t\t\t<div class=\"e-con-inner\">\n\t\t<div class=\"elementor-element elementor-element-471d062e e-con-full e-flex e-con e-child\" data-id=\"471d062e\" data-element_type=\"container\">\n\t\t\t\t<div class=\"elementor-element elementor-element-309f2f64 elementor-widget elementor-widget-heading\" data-id=\"309f2f64\" data-element_type=\"widget\" data-widget_type=\"heading.default\">\n\t\t\t\t\t<h2 class=\"elementor-heading-title elementor-size-default\">Leben \nnach \ndem Frauenhaus\n<\/h2>\t\t\t\t<\/div>\n\t\t\t\t<\/div>\n\t\t\t\t\t<\/div>\n\t\t\t\t<\/div>\n\t\t<div class=\"elementor-element elementor-element-36687771 e-flex e-con-boxed e-con e-parent\" data-id=\"36687771\" data-element_type=\"container\">\n\t\t\t\t\t<div class=\"e-con-inner\">\n\t\t<div class=\"elementor-element elementor-element-52b47ff6 e-con-full e-flex e-con e-child\" data-id=\"52b47ff6\" data-element_type=\"container\">\n\t\t\t\t<div class=\"elementor-element elementor-element-6a61e1b4 elementor-widget elementor-widget-heading\" data-id=\"6a61e1b4\" data-element_type=\"widget\" data-widget_type=\"heading.default\">\n\t\t\t\t\t<h2 class=\"elementor-heading-title elementor-size-default\">Engagmant &amp; Solidarit\u00e4t<\/h2>\t\t\t\t<\/div>\n\t\t\t\t<\/div>\n\t\t\t\t\t<\/div>\n\t\t\t\t<\/div>\n\t\t<div class=\"elementor-element elementor-element-7c021104 e-flex e-con-boxed e-con e-parent\" data-id=\"7c021104\" data-element_type=\"container\">\n\t\t\t\t\t<div class=\"e-con-inner\">\n\t\t<div class=\"elementor-element elementor-element-7b60c4de e-con-full e-flex e-con e-child\" data-id=\"7b60c4de\" data-element_type=\"container\">\n\t\t\t\t<div class=\"elementor-element elementor-element-182f53d3 elementor-widget elementor-widget-heading\" data-id=\"182f53d3\" data-element_type=\"widget\" data-widget_type=\"heading.default\">\n\t\t\t\t\t<h2 class=\"elementor-heading-title elementor-size-default\">Aus der gemeinsamen Erfahrung, Angst zu \u00fcberwinden, ist Solidarit\u00e4t gewachsen.\nFrauen fragen: Wie kann diese Kraft in die Nachbarschaft wirken? Wie wird aus\ngegenseitiger Unterst\u00fctzung gesellschaftliche Verantwortung? Viele berichten, dass\nsie heute selbst andere Frauen begleiten \u2013 weil sie wissen, wie entscheidend\nsolidarisches Handeln sein kann. Unterst\u00fctzung ist nie ein einseitiger Akt, sondern\nAusdruck einer menschlichen, mutigen Gesellschaft. Ihre Stimmen fordern dazu auf,\nGewalt nicht als privates Problem zu betrachten, sondern als gesellschaftliche\nAufgabe wahrzunehmen und Gewalt zu verhindern.<\/h2>\t\t\t\t<\/div>\n\t\t\t\t<\/div>\n\t\t\t\t\t<\/div>\n\t\t\t\t<\/div>\n\t\t<div class=\"elementor-element elementor-element-46277c6d e-flex e-con-boxed e-con e-parent\" data-id=\"46277c6d\" data-element_type=\"container\">\n\t\t\t\t\t<div class=\"e-con-inner\">\n\t\t<div class=\"elementor-element elementor-element-28e5b508 e-con-full e-flex e-con e-child\" data-id=\"28e5b508\" data-element_type=\"container\">\n\t\t\t\t<div class=\"elementor-element elementor-element-4fd16ebf elementor-widget elementor-widget-image\" data-id=\"4fd16ebf\" data-element_type=\"widget\" data-widget_type=\"image.default\">\n\t\t\t\t\t\t\t\t\t\t\t\t\t\t\t<img fetchpriority=\"high\" decoding=\"async\" width=\"1024\" height=\"683\" src=\"https:\/\/leben-nach-dem-frauenhaus.de\/wp-content\/uploads\/2025\/11\/IMG_6044-1024x683.jpg\" class=\"attachment-large size-large wp-image-93\" alt=\"\" srcset=\"https:\/\/leben-nach-dem-frauenhaus.de\/wp-content\/uploads\/2025\/11\/IMG_6044-1024x683.jpg 1024w, https:\/\/leben-nach-dem-frauenhaus.de\/wp-content\/uploads\/2025\/11\/IMG_6044-300x200.jpg 300w, https:\/\/leben-nach-dem-frauenhaus.de\/wp-content\/uploads\/2025\/11\/IMG_6044-768x512.jpg 768w, https:\/\/leben-nach-dem-frauenhaus.de\/wp-content\/uploads\/2025\/11\/IMG_6044-1536x1024.jpg 1536w, https:\/\/leben-nach-dem-frauenhaus.de\/wp-content\/uploads\/2025\/11\/IMG_6044-2048x1365.jpg 2048w\" sizes=\"(max-width: 1024px) 100vw, 1024px\" \/>\t\t\t\t\t\t\t\t\t\t\t\t\t\t\t<\/div>\n\t\t\t\t<\/div>\n\t\t<div class=\"elementor-element elementor-element-5b14f883 e-con-full e-flex e-con e-child\" data-id=\"5b14f883\" data-element_type=\"container\">\n\t\t\t\t<\/div>\n\t\t\t\t\t<\/div>\n\t\t\t\t<\/div>\n\t\t<div class=\"elementor-element elementor-element-6baa074d e-flex e-con-boxed e-con e-parent\" data-id=\"6baa074d\" data-element_type=\"container\">\n\t\t\t\t\t<div class=\"e-con-inner\">\n\t\t<div class=\"elementor-element elementor-element-101e4e57 e-con-full e-flex e-con e-child\" data-id=\"101e4e57\" data-element_type=\"container\">\n\t\t\t\t<\/div>\n\t\t<div class=\"elementor-element elementor-element-d9d8617 e-con-full e-flex e-con e-child\" data-id=\"d9d8617\" data-element_type=\"container\">\n\t\t\t\t<div class=\"elementor-element elementor-element-19e9a0bf elementor-widget elementor-widget-heading\" data-id=\"19e9a0bf\" data-element_type=\"widget\" data-widget_type=\"heading.default\">\n\t\t\t\t\t<h2 class=\"elementor-heading-title elementor-size-default\">Frau A, 57 Jahre<\/h2>\t\t\t\t<\/div>\n\t\t\t\t<div class=\"elementor-element elementor-element-5db449e7 elementor-widget elementor-widget-heading\" data-id=\"5db449e7\" data-element_type=\"widget\" data-widget_type=\"heading.default\">\n\t\t\t\t\t<h2 class=\"elementor-heading-title elementor-size-default\">\u201cIm Frauenhaus haben wir sehr viel Hilfe erfahren und ich habe gesehen, wie viel\nMenschen es erfordert, um eine gewisse Stabilit\u00e4t f\u00fcr Frauen, die von Gewalt\nbetroffen sind, herzustellen.\u201d<\/h2>\t\t\t\t<\/div>\n\t\t\t\t<div class=\"elementor-element elementor-element-2733d3b elementor-widget elementor-widget-text-editor\" data-id=\"2733d3b\" data-element_type=\"widget\" data-widget_type=\"text-editor.default\">\n\t\t\t\t\t\t\t\t\t<audio class=\"wp-audio-shortcode\" id=\"audio-319-1\" preload=\"none\" style=\"width: 100%;\" controls=\"controls\"><source type=\"audio\/mpeg\" src=\"https:\/\/leben-nach-dem-frauenhaus.de\/wp-content\/uploads\/2025\/12\/04_Engagement.mp3?_=1\" \/><a href=\"https:\/\/leben-nach-dem-frauenhaus.de\/wp-content\/uploads\/2025\/12\/04_Engagement.mp3\">https:\/\/leben-nach-dem-frauenhaus.de\/wp-content\/uploads\/2025\/12\/04_Engagement.mp3<\/a><\/audio>\t\t\t\t\t\t\t\t<\/div>\n\t\t\t\t<\/div>\n\t\t\t\t\t<\/div>\n\t\t\t\t<\/div>\n\t\t<div class=\"elementor-element elementor-element-4cd6500c e-flex e-con-boxed e-con e-parent\" data-id=\"4cd6500c\" data-element_type=\"container\">\n\t\t\t\t\t<div class=\"e-con-inner\">\n\t\t<div class=\"elementor-element elementor-element-2dfbf23a e-con-full e-flex e-con e-child\" data-id=\"2dfbf23a\" data-element_type=\"container\">\n\t\t\t\t<div class=\"elementor-element elementor-element-267b4fe6 elementor-widget elementor-widget-heading\" data-id=\"267b4fe6\" data-element_type=\"widget\" data-widget_type=\"heading.default\">\n\t\t\t\t\t<h2 class=\"elementor-heading-title elementor-size-default\">Frau A, 57 Jahre<\/h2>\t\t\t\t<\/div>\n\t\t\t\t<div class=\"elementor-element elementor-element-1bb1164f elementor-widget elementor-widget-heading\" data-id=\"1bb1164f\" data-element_type=\"widget\" data-widget_type=\"heading.default\">\n\t\t\t\t\t<h2 class=\"elementor-heading-title elementor-size-default\">\u201cIch habe die Erfahrung gemacht, dass man St\u00e4rker sein kann\nals die Angst und dass man viel dadurch bewirkt.\u201d<\/h2>\t\t\t\t<\/div>\n\t\t\t\t<\/div>\n\t\t<div class=\"elementor-element elementor-element-911548b e-con-full e-flex e-con e-child\" data-id=\"911548b\" data-element_type=\"container\">\n\t\t\t\t<\/div>\n\t\t\t\t\t<\/div>\n\t\t\t\t<\/div>\n\t\t\t\t<\/div>\n\t\t","protected":false},"excerpt":{"rendered":"<p>Leben nach dem Frauenhaus Engagmant &amp; Solidarit\u00e4t Aus der gemeinsamen Erfahrung, Angst zu \u00fcberwinden, ist Solidarit\u00e4t gewachsen. Frauen fragen: Wie kann diese Kraft in die Nachbarschaft wirken? Wie wird aus gegenseitiger Unterst\u00fctzung gesellschaftliche Verantwortung? Viele berichten, dass sie heute selbst andere Frauen begleiten \u2013 weil sie wissen, wie entscheidend solidarisches Handeln sein kann. Unterst\u00fctzung ist [&hellip;]<\/p>\n","protected":false},"author":2,"featured_media":0,"parent":0,"menu_order":0,"comment_status":"closed","ping_status":"closed","template":"","meta":{"footnotes":""},"class_list":["post-319","page","type-page","status-publish","hentry"],"_links":{"self":[{"href":"https:\/\/leben-nach-dem-frauenhaus.de\/index.php?rest_route=\/wp\/v2\/pages\/319","targetHints":{"allow":["GET"]}}],"collection":[{"href":"https:\/\/leben-nach-dem-frauenhaus.de\/index.php?rest_route=\/wp\/v2\/pages"}],"about":[{"href":"https:\/\/leben-nach-dem-frauenhaus.de\/index.php?rest_route=\/wp\/v2\/types\/page"}],"author":[{"embeddable":true,"href":"https:\/\/leben-nach-dem-frauenhaus.de\/index.php?rest_route=\/wp\/v2\/users\/2"}],"replies":[{"embeddable":true,"href":"https:\/\/leben-nach-dem-frauenhaus.de\/index.php?rest_route=%2Fwp%2Fv2%2Fcomments&post=319"}],"version-history":[{"count":11,"href":"https:\/\/leben-nach-dem-frauenhaus.de\/index.php?rest_route=\/wp\/v2\/pages\/319\/revisions"}],"predecessor-version":[{"id":442,"href":"https:\/\/leben-nach-dem-frauenhaus.de\/index.php?rest_route=\/wp\/v2\/pages\/319\/revisions\/442"}],"wp:attachment":[{"href":"https:\/\/leben-nach-dem-frauenhaus.de\/index.php?rest_route=%2Fwp%2Fv2%2Fmedia&parent=319"}],"curies":[{"name":"wp","href":"https:\/\/api.w.org\/{rel}","templated":true}]}}