{"id":3,"date":"2025-10-29T10:17:55","date_gmt":"2025-10-29T10:17:55","guid":{"rendered":"https:\/\/leben-nach-dem-frauenhaus.de\/?page_id=3"},"modified":"2025-12-05T12:43:47","modified_gmt":"2025-12-05T12:43:47","slug":"privacy-policy","status":"publish","type":"page","link":"https:\/\/leben-nach-dem-frauenhaus.de\/?page_id=3","title":{"rendered":"Impressum"},"content":{"rendered":"\t\t<div data-elementor-type=\"wp-page\" data-elementor-id=\"3\" class=\"elementor elementor-3\">\n\t\t\t\t<div class=\"elementor-element elementor-element-4b390763 e-flex e-con-boxed e-con e-parent\" data-id=\"4b390763\" data-element_type=\"container\">\n\t\t\t\t\t<div class=\"e-con-inner\">\n\t\t\t\t<div class=\"elementor-element elementor-element-64c52af4 elementor-widget elementor-widget-text-editor\" data-id=\"64c52af4\" data-element_type=\"widget\" data-widget_type=\"text-editor.default\">\n\t\t\t\t\t\t\t\t\t\n<h2 class=\"wp-block-heading\">IMPRESSUM<\/h2>\n\n<p>Nachbarschaftshaus Urbanstra\u00dfe e. V.<br \/>Urbanstra\u00dfe 21<br \/>10961 Berlin<br \/>Telefon: 030. 69 04 97-0<br \/>Telefax: 030. 69 37 309<br \/>E-mail:\u00a0info@nhu-ev.org<br \/>Internet:\u00a0www.nhu-ev.org<br \/>Gesch\u00e4ftsf\u00fchrer: Markus Runge<br \/>Registergericht Amtsgericht Charlottenburg<br \/>Registernummer: 2145 Nz<br \/>Inhaltlich Verantwortlicher gem\u00e4\u00df \u00a7 6 MDStV: Markus Runge<\/p>\n<p>Urheberrecht: Diese Website und alle durch sie umfassten Dateien sowie alle in ihr<br \/>enthaltenen Informationen unterliegen dem Urheberrecht. Das Urheberrecht aller<br \/>namentlich gekennzeichneten Beitr\u00e4ge liegt bei deren Autoren. Das Urheberrecht der<br \/>Bilder liegt bei deren Fotografen. Bei Fragen wenden Sie sich bitte an die<br \/>Gesch\u00e4ftsf\u00fchrung.<br \/>Haftungshinweis: Trotz sorgf\u00e4ltiger inhaltlicher Kontrolle \u00fcbernehmen wir keine<br \/>Haftung f\u00fcr die Inhalte externer Links. F\u00fcr den Inhalt der verlinkten Seiten sind<br \/>ausschlie\u00dflich deren Betreiber verantwortlich.<\/p>\n\n<h2 class=\"wp-block-heading\">Websitebetreiber:<\/h2>\n\n<p><span style=\"text-decoration: underline;\"><a href=\"https:\/\/muttis.cloud\/\">muttis.cloud<\/a><\/span><br \/>by Rent Your Admin GmbH<br \/>Nordendstr. 61a<br \/>13156 Berlin,\u00a0<br \/>Germany<br \/>Telefon: +49 30 863 294 800<br \/>E-Mail:\u00a0 <span style=\"text-decoration: underline;\"><a href=\"http:\/\/admin(at)rentyouradmin.de\">admin(at)rentyouradmin.de<\/a><\/span><\/p>\n\n<h2 class=\"wp-block-heading\">\u00a0<\/h2>\n<h1 class=\"wp-block-heading\">Datenschutzhinweis<\/h1>\n\n<h2>1. Datenschutzhinweis<br \/>Allgemeine Hinweise<\/h2>\n<p>Inhalt des Onlineangebotes: Das Nachbarschaftshaus Urbanstra\u00dfe e. V. legt gro\u00dfen<br \/>Wert darauf, dass der Datenschutz der Besucher und das Fernmeldegeheimnis<br \/>gewahrt sind. Unsere Webseiten k\u00f6nnen Links zu Webseiten anderer Anbieter<br \/>enthalten, auf die sich diese Datenschutzerkl\u00e4rung nicht erstreckt.<br \/>Wir behandeln Ihre personenbezogenen Daten vertraulich und entsprechend der<br \/>gesetzlichen Datenschutzvorschriften sowie dieser Datenschutzerkl\u00e4rung.<br \/>Die Nutzung unserer Webseite ist in der Regel ohne Angabe personenbezogener<br \/>Daten m\u00f6glich. Personenbezogene Daten sind alle Daten, mit denen Sie pers\u00f6nlich<br \/>identifiziert werden k\u00f6nnen. Soweit auf unseren Seiten personenbezogene Daten<br \/>(beispielsweise Name, Anschrift oder E-Mail-Adressen) erhoben werden, erfolgt dies,<br \/>soweit m\u00f6glich, stets auf freiwilliger Basis. Diese Daten werden ohne Ihre<br \/>ausdr\u00fcckliche Zustimmung nicht an Dritte weitergegeben.<br \/>Wir weisen darauf hin, dass die Daten\u00fcbertragung im Internet (z.B. bei der<br \/>Kommunikation per E-Mail) Sicherheitsl\u00fccken aufweisen kann. Ein l\u00fcckenloser<br \/>Schutz der Daten vor dem Zugriff durch Dritte ist nicht m\u00f6glich.<\/p>\n<h3>Datenerfassung auf unserer Website<\/h3>\n<p><strong><em>Wer ist verantwortlich f\u00fcr die Datenerfassung auf dieser Website?<\/em><\/strong><br \/>Die Datenverarbeitung auf dieser Website erfolgt durch den Websitebetreiber.<br \/>Dessen Kontaktdaten k\u00f6nnen Sie dem Impressum dieser Website entnehmen.<\/p>\n<p><strong><em>Wie erfassen wir Ihre Daten?<\/em><\/strong><br \/>Ihre Daten werden zum einen dadurch erhoben, dass Sie uns diese mitteilen. Hierbei<br \/>kann es sich z.B. um Daten handeln, die Sie in ein Kontaktformular eingeben.<br \/>Andere Daten werden automatisch beim Besuch der Website durch unsere IT-<br \/>Systeme erfasst. Das sind vor allem technische Daten (z.B. Internetbrowser,<br \/>Betriebssystem oder Uhrzeit des Seitenaufrufs). Die Erfassung dieser Daten erfolgt<br \/>automatisch, sobald Sie unsere Website betreten.<\/p>\n<p><strong><em>Wof\u00fcr nutzen wir Ihre Daten?<\/em><\/strong><br \/>Ein Teil der Daten wird erhoben, um eine fehlerfreie Bereitstellung der Website zu<br \/>gew\u00e4hrleisten. Andere Daten k\u00f6nnen zur Analyse Ihres Nutzerverhaltens verwendet<br \/>werden.<\/p>\n<h3>Widerspruch Werbe-Mails<\/h3>\n<p>Der Nutzung von im Rahmen der Impressumspflicht ver\u00f6ffentlichten Kontaktdaten<br \/>zur \u00dcbersendung von nicht ausdr\u00fccklich angeforderter Werbung und<br \/>Informationsmaterialien wird hiermit widersprochen. Die Betreiber der Seiten<br \/>behalten sich ausdr\u00fccklich rechtliche Schritte im Falle der unverlangten Zusendung<br \/>von Werbeinformationen, etwa durch Spam-E-Mails, vor.<\/p>\n<h2>2. Allgemeine Hinweise und Pflichtinformationen<br \/>Hinweis zur verantwortlichen Stelle<\/h2>\n<p>Die verantwortliche Stelle f\u00fcr die Datenverarbeitung auf dieser Website ist:<br \/>Nachbarschaftshaus Urbanstra\u00dfe e. V.<br \/>Urbanstra\u00dfe 21<br \/>10961 Berlin<br \/>Telefon: 030. 69 04 97-0<br \/>Telefax: 030. 69 37 309<br \/>E-mail:\u00a0info(at)nhu-ev.org<br \/>Internet: www.nhu-ev.org<br \/>Verantwortliche Stelle ist die nat\u00fcrliche oder juristische Person, die allein oder<br \/>gemeinsam mit anderen \u00fcber die Zwecke und Mittel der Verarbeitung von<br \/>personenbezogenen Daten (z.B. Namen, E-Mail-Adressen o. \u00c4.) entscheidet.<\/p>\n<h3>Datenschutzbeauftragte<\/h3>\n<p>Datenschutzbeauftragte des Nachbarschaftshaus Urbanstra\u00dfe e.V. ist:<br \/>Sarah Rosenhammer<\/p>\n<h3>Widerruf Ihrer Einwilligung zur Datenverarbeitung<\/h3>\n<p>Viele Datenverarbeitungsvorg\u00e4nge sind nur mit Ihrer ausdr\u00fccklichen Einwilligung<br \/>m\u00f6glich. Sie k\u00f6nnen eine bereits erteilte Einwilligung jederzeit widerrufen. Dazu<br \/>reicht eine formlose Mitteilung per E-Mail an uns. Die Rechtm\u00e4\u00dfigkeit der bis zum<br \/>Widerruf erfolgten Datenverarbeitung bleibt vom Widerruf unber\u00fchrt.<\/p>\n<h3>Beschwerderecht bei der zust\u00e4ndigen Aufsichtsbeh\u00f6rde<\/h3>\n<p>Im Falle datenschutzrechtlicher Verst\u00f6\u00dfe steht dem Betroffenen ein<br \/>Beschwerderecht bei der zust\u00e4ndigen Aufsichtsbeh\u00f6rde zu. Zust\u00e4ndige<br \/>Aufsichtsbeh\u00f6rde in datenschutzrechtlichen Fragen ist der<br \/>Landesdatenschutzbeauftragte des Bundeslandes, in dem unser Unternehmen<br \/>seinen Sitz hat. Eine Liste der Datenschutzbeauftragten sowie deren Kontaktdaten<br \/>k\u00f6nnen folgendem Link entnommen<br \/>werden:\u00a0<span style=\"text-decoration: underline;\"><a href=\"https:\/\/www.bfdi.bund.de\/DE\/Infothek\/Anschriften_Links\/anschriften_links-\">https:\/\/www.bfdi.bund.de\/DE\/Infothek\/Anschriften_Links\/anschriften_links-<\/a><\/span><br \/><span style=\"text-decoration: underline;\">node.html.<\/span><\/p>\n<h3>Recht auf Daten\u00fcbertragbarkeit<\/h3>\n<p>Sie haben das Recht, Daten, die wir auf Grundlage Ihrer Einwilligung oder in<br \/>Erf\u00fcllung eines Vertrags automatisiert verarbeiten, an sich oder an einen Dritten in<br \/>einem g\u00e4ngigen, maschinenlesbaren Format aush\u00e4ndigen zu lassen. Sofern Sie die<br \/>direkte \u00dcbertragung der Daten an einen anderen Verantwortlichen verlangen, erfolgt<br \/>dies nur, soweit es technisch machbar ist.<\/p>\n<h3>Auskunft, Sperrung, L\u00f6schung<\/h3>\n<p>Sie haben im Rahmen der geltenden gesetzlichen Bestimmungen jederzeit das<br \/>Recht auf unentgeltliche Auskunft \u00fcber Ihre gespeicherten personenbezogenen<br \/>Daten, deren Herkunft und Empf\u00e4nger und den Zweck der Datenverarbeitung und<br \/>ggf. ein Recht auf Berichtigung, Sperrung oder L\u00f6schung dieser Daten. Hierzu sowie<br \/>zu weiteren Fragen zum Thema personenbezogene Daten k\u00f6nnen Sie sich jederzeit<br \/>unter der im Impressum angegebenen Adresse an uns wenden.<\/p>\n<h2>3. Datenerfassung auf unserer Website<br \/>Server-Log-Dateien<\/h2>\n<p>Der Provider der Seiten erhebt und speichert automatisch Informationen in so<br \/>genannten Server-Log-Dateien, die Ihr Browser automatisch an uns \u00fcbermittelt. Dies<br \/>sind:<br \/>\uf0b7 IP-Adresse Ihres Zugangs<br \/>\uf0b7 die Webseite, von der aus Sie uns besuchen<br \/>\uf0b7 die Webseiten, die Sie bei uns besuchen<br \/>\uf0b7 die \u00fcbertragene Datenmenge<br \/>\uf0b7 die Meldung, ob der Abruf erfolgreich war<br \/>\uf0b7 die Signatur des verwendeten Browsers<br \/>\uf0b7 sowie Datum, Uhrzeit und Dauer des Besuches.<br \/>Eine Zusammenf\u00fchrung dieser Daten mit anderen Datenquellen wird nicht<br \/>vorgenommen.<br \/>Grundlage f\u00fcr die Datenverarbeitung ist Art. 6 Abs. 1 lit. f DSGVO, der die<br \/>Verarbeitung von Daten zur Erf\u00fcllung eines Vertrags oder vorvertraglicher<br \/>Ma\u00dfnahmen gestattet.<\/p>\n<h2>4. Plugins und Tools<br \/>Eingebettete Inhalte von anderen Websites<\/h2>\n<p>Beitr\u00e4ge auf dieser Website k\u00f6nnen eingebettete Inhalte beinhalten (z.\u00a0B. Videos,<br \/>Bilder, Beitr\u00e4ge etc.). Eingebettete Inhalte von anderen Websites verhalten sich exakt<br \/>so, als ob der Besucher die andere Website besucht h\u00e4tte.<br \/>Diese Websites k\u00f6nnen Daten \u00fcber Sie sammeln, Cookies benutzen, zus\u00e4tzliche<br \/>Tracking-Dienste von Dritten einbetten und Ihre Interaktion mit diesem eingebetteten<br \/>Inhalt aufzeichnen, inklusive Ihrer Interaktion mit dem eingebetteten Inhalt, falls Sie<br \/>ein Konto haben und auf dieser Website angemeldet sind.<\/p>\n\t\t\t\t\t\t\t\t<\/div>\n\t\t\t\t\t<\/div>\n\t\t\t\t<\/div>\n\t\t\t\t<\/div>\n\t\t","protected":false},"excerpt":{"rendered":"<p>IMPRESSUM Nachbarschaftshaus Urbanstra\u00dfe e. V.Urbanstra\u00dfe 2110961 BerlinTelefon: 030. 69 04 97-0Telefax: 030. 69 37 309E-mail:\u00a0info@nhu-ev.orgInternet:\u00a0www.nhu-ev.orgGesch\u00e4ftsf\u00fchrer: Markus RungeRegistergericht Amtsgericht CharlottenburgRegisternummer: 2145 NzInhaltlich Verantwortlicher gem\u00e4\u00df \u00a7 6 MDStV: Markus Runge Urheberrecht: Diese Website und alle durch sie umfassten Dateien sowie alle in ihrenthaltenen Informationen unterliegen dem Urheberrecht. Das Urheberrecht allernamentlich gekennzeichneten Beitr\u00e4ge liegt bei deren Autoren. Das [&hellip;]<\/p>\n","protected":false},"author":2,"featured_media":0,"parent":0,"menu_order":0,"comment_status":"closed","ping_status":"closed","template":"","meta":{"footnotes":""},"class_list":["post-3","page","type-page","status-publish","hentry"],"_links":{"self":[{"href":"https:\/\/leben-nach-dem-frauenhaus.de\/index.php?rest_route=\/wp\/v2\/pages\/3","targetHints":{"allow":["GET"]}}],"collection":[{"href":"https:\/\/leben-nach-dem-frauenhaus.de\/index.php?rest_route=\/wp\/v2\/pages"}],"about":[{"href":"https:\/\/leben-nach-dem-frauenhaus.de\/index.php?rest_route=\/wp\/v2\/types\/page"}],"author":[{"embeddable":true,"href":"https:\/\/leben-nach-dem-frauenhaus.de\/index.php?rest_route=\/wp\/v2\/users\/2"}],"replies":[{"embeddable":true,"href":"https:\/\/leben-nach-dem-frauenhaus.de\/index.php?rest_route=%2Fwp%2Fv2%2Fcomments&post=3"}],"version-history":[{"count":7,"href":"https:\/\/leben-nach-dem-frauenhaus.de\/index.php?rest_route=\/wp\/v2\/pages\/3\/revisions"}],"predecessor-version":[{"id":407,"href":"https:\/\/leben-nach-dem-frauenhaus.de\/index.php?rest_route=\/wp\/v2\/pages\/3\/revisions\/407"}],"wp:attachment":[{"href":"https:\/\/leben-nach-dem-frauenhaus.de\/index.php?rest_route=%2Fwp%2Fv2%2Fmedia&parent=3"}],"curies":[{"name":"wp","href":"https:\/\/api.w.org\/{rel}","templated":true}]}}