{"id":287,"date":"2025-12-04T20:22:15","date_gmt":"2025-12-04T20:22:15","guid":{"rendered":"https:\/\/leben-nach-dem-frauenhaus.de\/?page_id=287"},"modified":"2025-12-08T09:24:42","modified_gmt":"2025-12-08T09:24:42","slug":"elementor-287","status":"publish","type":"page","link":"https:\/\/leben-nach-dem-frauenhaus.de\/?page_id=287","title":{"rendered":"Ausbildung\/Beruf"},"content":{"rendered":"\t\t<div data-elementor-type=\"wp-page\" data-elementor-id=\"287\" class=\"elementor elementor-287\">\n\t\t\t\t<div class=\"elementor-element elementor-element-153e21e4 e-flex e-con-boxed e-con e-parent\" data-id=\"153e21e4\" data-element_type=\"container\">\n\t\t\t\t\t<div class=\"e-con-inner\">\n\t\t<div class=\"elementor-element elementor-element-6f07355a e-con-full e-flex e-con e-child\" data-id=\"6f07355a\" data-element_type=\"container\">\n\t\t\t\t<div class=\"elementor-element elementor-element-6ae86550 elementor-widget elementor-widget-heading\" data-id=\"6ae86550\" data-element_type=\"widget\" data-widget_type=\"heading.default\">\n\t\t\t\t\t<h2 class=\"elementor-heading-title elementor-size-default\">Leben \nnach \ndem Frauenhaus\n<\/h2>\t\t\t\t<\/div>\n\t\t\t\t<\/div>\n\t\t\t\t\t<\/div>\n\t\t\t\t<\/div>\n\t\t<div class=\"elementor-element elementor-element-309dd549 e-flex e-con-boxed e-con e-parent\" data-id=\"309dd549\" data-element_type=\"container\">\n\t\t\t\t\t<div class=\"e-con-inner\">\n\t\t<div class=\"elementor-element elementor-element-160f5cff e-con-full e-flex e-con e-child\" data-id=\"160f5cff\" data-element_type=\"container\">\n\t\t\t\t<div class=\"elementor-element elementor-element-6c0d014c elementor-widget elementor-widget-heading\" data-id=\"6c0d014c\" data-element_type=\"widget\" data-widget_type=\"heading.default\">\n\t\t\t\t\t<h2 class=\"elementor-heading-title elementor-size-default\">Ausbildungs\/Beruf<\/h2>\t\t\t\t<\/div>\n\t\t\t\t<\/div>\n\t\t\t\t\t<\/div>\n\t\t\t\t<\/div>\n\t\t<div class=\"elementor-element elementor-element-7023f470 e-flex e-con-boxed e-con e-parent\" data-id=\"7023f470\" data-element_type=\"container\">\n\t\t\t\t\t<div class=\"e-con-inner\">\n\t\t<div class=\"elementor-element elementor-element-540eea24 e-con-full e-flex e-con e-child\" data-id=\"540eea24\" data-element_type=\"container\">\n\t\t\t\t<div class=\"elementor-element elementor-element-3b92cd82 elementor-widget elementor-widget-heading\" data-id=\"3b92cd82\" data-element_type=\"widget\" data-widget_type=\"heading.default\">\n\t\t\t\t\t<h2 class=\"elementor-heading-title elementor-size-default\">Der Weg in die \u00f6konomische Unabh\u00e4ngigkeit ist das Fundament f\u00fcr ein\nselbstbestimmes Arbeitsleben und ein Streben um Anerkennung: Welche Arbeit\nz\u00e4hlt? Welche Abschl\u00fcsse gelten? Wie bewegt man sich durch ein System aus\nMa\u00dfnahmen, Papieren, Aufenthaltsstatus und Erwartungen? Die Frauen erz\u00e4hlen\nvon Umschulungen, Ausbildungen, Weiterbildung, Praktika und dem langen Weg zu\nberuflicher Sicherheit. Trotz Hindernissen haben sie ihren Platz gefunden. Ihre\nGeschichten machen sichtbar, dass \u00f6konomische Unabh\u00e4ngigkeit nicht nur aufgrund\nindividueller Leistungen entsteht, sondern ein gesellschaftliches Recht ist.<\/h2>\t\t\t\t<\/div>\n\t\t\t\t<\/div>\n\t\t\t\t\t<\/div>\n\t\t\t\t<\/div>\n\t\t<div class=\"elementor-element elementor-element-52aec17a e-flex e-con-boxed e-con e-parent\" data-id=\"52aec17a\" data-element_type=\"container\">\n\t\t\t\t\t<div class=\"e-con-inner\">\n\t\t<div class=\"elementor-element elementor-element-5ff9fc53 e-con-full e-flex e-con e-child\" data-id=\"5ff9fc53\" data-element_type=\"container\">\n\t\t\t\t<div class=\"elementor-element elementor-element-7908c0d1 elementor-widget elementor-widget-image\" data-id=\"7908c0d1\" data-element_type=\"widget\" data-widget_type=\"image.default\">\n\t\t\t\t\t\t\t\t\t\t\t\t\t\t\t<img fetchpriority=\"high\" decoding=\"async\" width=\"1024\" height=\"683\" src=\"https:\/\/leben-nach-dem-frauenhaus.de\/wp-content\/uploads\/2025\/11\/IMG_5810-1024x683.jpg\" class=\"attachment-large size-large wp-image-94\" alt=\"\" srcset=\"https:\/\/leben-nach-dem-frauenhaus.de\/wp-content\/uploads\/2025\/11\/IMG_5810-1024x683.jpg 1024w, https:\/\/leben-nach-dem-frauenhaus.de\/wp-content\/uploads\/2025\/11\/IMG_5810-300x200.jpg 300w, https:\/\/leben-nach-dem-frauenhaus.de\/wp-content\/uploads\/2025\/11\/IMG_5810-768x512.jpg 768w, https:\/\/leben-nach-dem-frauenhaus.de\/wp-content\/uploads\/2025\/11\/IMG_5810-1536x1024.jpg 1536w, https:\/\/leben-nach-dem-frauenhaus.de\/wp-content\/uploads\/2025\/11\/IMG_5810-2048x1365.jpg 2048w\" sizes=\"(max-width: 1024px) 100vw, 1024px\" \/>\t\t\t\t\t\t\t\t\t\t\t\t\t\t\t<\/div>\n\t\t\t\t<\/div>\n\t\t<div class=\"elementor-element elementor-element-52506d3b e-con-full elementor-hidden-mobile e-flex e-con e-child\" data-id=\"52506d3b\" data-element_type=\"container\">\n\t\t\t\t<\/div>\n\t\t\t\t\t<\/div>\n\t\t\t\t<\/div>\n\t\t<div class=\"elementor-element elementor-element-3c6488da e-flex e-con-boxed e-con e-parent\" data-id=\"3c6488da\" data-element_type=\"container\">\n\t\t\t\t\t<div class=\"e-con-inner\">\n\t\t<div class=\"elementor-element elementor-element-37cadd6f e-con-full elementor-hidden-mobile e-flex e-con e-child\" data-id=\"37cadd6f\" data-element_type=\"container\">\n\t\t\t\t<\/div>\n\t\t<div class=\"elementor-element elementor-element-6357711 e-con-full e-flex e-con e-child\" data-id=\"6357711\" data-element_type=\"container\">\n\t\t\t\t<div class=\"elementor-element elementor-element-357bc681 elementor-widget elementor-widget-heading\" data-id=\"357bc681\" data-element_type=\"widget\" data-widget_type=\"heading.default\">\n\t\t\t\t\t<h2 class=\"elementor-heading-title elementor-size-default\">Frau H, 54 Jahre<\/h2>\t\t\t\t<\/div>\n\t\t\t\t<div class=\"elementor-element elementor-element-4a9686f5 elementor-widget elementor-widget-heading\" data-id=\"4a9686f5\" data-element_type=\"widget\" data-widget_type=\"heading.default\">\n\t\t\t\t\t<h2 class=\"elementor-heading-title elementor-size-default\">\u201cWie soll ich denn unabh\u00e4ngig sein wenn ich nicht mal eine Ausbildung habe?\u201d<\/h2>\t\t\t\t<\/div>\n\t\t\t\t<div class=\"elementor-element elementor-element-3fd8cd58 elementor-widget elementor-widget-text-editor\" data-id=\"3fd8cd58\" data-element_type=\"widget\" data-widget_type=\"text-editor.default\">\n\t\t\t\t\t\t\t\t\t<audio class=\"wp-audio-shortcode\" id=\"audio-287-1\" preload=\"none\" style=\"width: 100%;\" controls=\"controls\"><source type=\"audio\/mpeg\" src=\"https:\/\/leben-nach-dem-frauenhaus.de\/wp-content\/uploads\/2025\/12\/03_AusbildungBeruf.mp3?_=1\" \/><a href=\"https:\/\/leben-nach-dem-frauenhaus.de\/wp-content\/uploads\/2025\/12\/03_AusbildungBeruf.mp3\">https:\/\/leben-nach-dem-frauenhaus.de\/wp-content\/uploads\/2025\/12\/03_AusbildungBeruf.mp3<\/a><\/audio>\t\t\t\t\t\t\t\t<\/div>\n\t\t\t\t<\/div>\n\t\t\t\t\t<\/div>\n\t\t\t\t<\/div>\n\t\t<div class=\"elementor-element elementor-element-2124f539 e-flex e-con-boxed e-con e-parent\" data-id=\"2124f539\" data-element_type=\"container\">\n\t\t\t\t\t<div class=\"e-con-inner\">\n\t\t<div class=\"elementor-element elementor-element-62ea12fe e-con-full e-flex e-con e-child\" data-id=\"62ea12fe\" data-element_type=\"container\">\n\t\t\t\t<div class=\"elementor-element elementor-element-5cb2c65e elementor-widget elementor-widget-heading\" data-id=\"5cb2c65e\" data-element_type=\"widget\" data-widget_type=\"heading.default\">\n\t\t\t\t\t<h2 class=\"elementor-heading-title elementor-size-default\">Frau B, 58 Jahre<\/h2>\t\t\t\t<\/div>\n\t\t\t\t<div class=\"elementor-element elementor-element-364cdbef elementor-widget elementor-widget-heading\" data-id=\"364cdbef\" data-element_type=\"widget\" data-widget_type=\"heading.default\">\n\t\t\t\t\t<h2 class=\"elementor-heading-title elementor-size-default\">\u201eMein neues Ziel war, einen Beruf zu erlernen \u2013 und zwar war es mein Traum, mit Menschen zu arbeiten.\u201c<\/h2>\t\t\t\t<\/div>\n\t\t\t\t<div class=\"elementor-element elementor-element-2e83b761 elementor-widget elementor-widget-text-editor\" data-id=\"2e83b761\" data-element_type=\"widget\" data-widget_type=\"text-editor.default\">\n\t\t\t\t\t\t\t\t\t<audio class=\"wp-audio-shortcode\" id=\"audio-287-2\" preload=\"none\" style=\"width: 100%;\" controls=\"controls\"><source type=\"audio\/mpeg\" src=\"https:\/\/leben-nach-dem-frauenhaus.de\/wp-content\/uploads\/2025\/12\/06_AusbildungBeruf2.mp3?_=2\" \/><a href=\"https:\/\/leben-nach-dem-frauenhaus.de\/wp-content\/uploads\/2025\/12\/06_AusbildungBeruf2.mp3\">https:\/\/leben-nach-dem-frauenhaus.de\/wp-content\/uploads\/2025\/12\/06_AusbildungBeruf2.mp3<\/a><\/audio>\t\t\t\t\t\t\t\t<\/div>\n\t\t\t\t<\/div>\n\t\t<div class=\"elementor-element elementor-element-3adfa334 e-con-full elementor-hidden-mobile e-flex e-con e-child\" data-id=\"3adfa334\" data-element_type=\"container\">\n\t\t\t\t<\/div>\n\t\t\t\t\t<\/div>\n\t\t\t\t<\/div>\n\t\t\t\t<\/div>\n\t\t","protected":false},"excerpt":{"rendered":"<p>Leben nach dem Frauenhaus Ausbildungs\/Beruf Der Weg in die \u00f6konomische Unabh\u00e4ngigkeit ist das Fundament f\u00fcr ein selbstbestimmes Arbeitsleben und ein Streben um Anerkennung: Welche Arbeit z\u00e4hlt? Welche Abschl\u00fcsse gelten? Wie bewegt man sich durch ein System aus Ma\u00dfnahmen, Papieren, Aufenthaltsstatus und Erwartungen? Die Frauen erz\u00e4hlen von Umschulungen, Ausbildungen, Weiterbildung, Praktika und dem langen Weg zu [&hellip;]<\/p>\n","protected":false},"author":2,"featured_media":0,"parent":0,"menu_order":0,"comment_status":"closed","ping_status":"closed","template":"","meta":{"footnotes":""},"class_list":["post-287","page","type-page","status-publish","hentry"],"_links":{"self":[{"href":"https:\/\/leben-nach-dem-frauenhaus.de\/index.php?rest_route=\/wp\/v2\/pages\/287","targetHints":{"allow":["GET"]}}],"collection":[{"href":"https:\/\/leben-nach-dem-frauenhaus.de\/index.php?rest_route=\/wp\/v2\/pages"}],"about":[{"href":"https:\/\/leben-nach-dem-frauenhaus.de\/index.php?rest_route=\/wp\/v2\/types\/page"}],"author":[{"embeddable":true,"href":"https:\/\/leben-nach-dem-frauenhaus.de\/index.php?rest_route=\/wp\/v2\/users\/2"}],"replies":[{"embeddable":true,"href":"https:\/\/leben-nach-dem-frauenhaus.de\/index.php?rest_route=%2Fwp%2Fv2%2Fcomments&post=287"}],"version-history":[{"count":18,"href":"https:\/\/leben-nach-dem-frauenhaus.de\/index.php?rest_route=\/wp\/v2\/pages\/287\/revisions"}],"predecessor-version":[{"id":430,"href":"https:\/\/leben-nach-dem-frauenhaus.de\/index.php?rest_route=\/wp\/v2\/pages\/287\/revisions\/430"}],"wp:attachment":[{"href":"https:\/\/leben-nach-dem-frauenhaus.de\/index.php?rest_route=%2Fwp%2Fv2%2Fmedia&parent=287"}],"curies":[{"name":"wp","href":"https:\/\/api.w.org\/{rel}","templated":true}]}}