{"id":185,"date":"2025-12-04T19:51:17","date_gmt":"2025-12-04T19:51:17","guid":{"rendered":"https:\/\/leben-nach-dem-frauenhaus.de\/?page_id=185"},"modified":"2025-12-08T09:44:05","modified_gmt":"2025-12-08T09:44:05","slug":"selbstverwiklichung","status":"publish","type":"page","link":"https:\/\/leben-nach-dem-frauenhaus.de\/?page_id=185","title":{"rendered":"selbstverwiklichung"},"content":{"rendered":"\t\t<div data-elementor-type=\"wp-page\" data-elementor-id=\"185\" class=\"elementor elementor-185\">\n\t\t\t\t<div class=\"elementor-element elementor-element-dd91f54 e-flex e-con-boxed e-con e-parent\" data-id=\"dd91f54\" data-element_type=\"container\">\n\t\t\t\t\t<div class=\"e-con-inner\">\n\t\t<div class=\"elementor-element elementor-element-115aa5c e-con-full e-flex e-con e-child\" data-id=\"115aa5c\" data-element_type=\"container\">\n\t\t\t\t<div class=\"elementor-element elementor-element-7e51020 elementor-widget elementor-widget-heading\" data-id=\"7e51020\" data-element_type=\"widget\" data-widget_type=\"heading.default\">\n\t\t\t\t\t<h2 class=\"elementor-heading-title elementor-size-default\">Leben \nnach \ndem Frauenhaus\n<\/h2>\t\t\t\t<\/div>\n\t\t\t\t<\/div>\n\t\t\t\t\t<\/div>\n\t\t\t\t<\/div>\n\t\t<div class=\"elementor-element elementor-element-23fa90c e-flex e-con-boxed e-con e-parent\" data-id=\"23fa90c\" data-element_type=\"container\">\n\t\t\t\t\t<div class=\"e-con-inner\">\n\t\t<div class=\"elementor-element elementor-element-5970ff2 e-con-full e-flex e-con e-child\" data-id=\"5970ff2\" data-element_type=\"container\">\n\t\t\t\t<div class=\"elementor-element elementor-element-dcee55c elementor-widget elementor-widget-heading\" data-id=\"dcee55c\" data-element_type=\"widget\" data-widget_type=\"heading.default\">\n\t\t\t\t\t<h2 class=\"elementor-heading-title elementor-size-default\">selbstverwiklichung<\/h2>\t\t\t\t<\/div>\n\t\t\t\t<\/div>\n\t\t\t\t\t<\/div>\n\t\t\t\t<\/div>\n\t\t<div class=\"elementor-element elementor-element-e700a2c e-flex e-con-boxed e-con e-parent\" data-id=\"e700a2c\" data-element_type=\"container\">\n\t\t\t\t\t<div class=\"e-con-inner\">\n\t\t<div class=\"elementor-element elementor-element-bd915cf e-con-full e-flex e-con e-child\" data-id=\"bd915cf\" data-element_type=\"container\">\n\t\t\t\t<div class=\"elementor-element elementor-element-b50527d elementor-widget elementor-widget-heading\" data-id=\"b50527d\" data-element_type=\"widget\" data-widget_type=\"heading.default\">\n\t\t\t\t\t<h2 class=\"elementor-heading-title elementor-size-default\">Von Partnergewalt sich befreiende Frauen erz\u00e4hlen vom Mut, ins Ungewisse zu\ngehen \u2013 und von den ersten Momenten des Ankommens im Frauenhaus. Hier\nentstanden Sicherheit, Selbstwert und die Kraft, eigene Entscheidungen zu treffen.\nSie berichten davon, wie Ziele wachsen, wie ein Leben neu geordnet wird und wie\nkollektiver Kampfgeist entsteht. Schritt f\u00fcr Schritt haben sie ihr Leben neu aufgebaut:\nf\u00fcr sich, f\u00fcr ihre Kinder und f\u00fcr ihre Zukunft. Ihre Stimmen zeigen, dass\nSelbstverwirklichung politisch ist \u2013 ein Weg heraus aus Unsichtbarkeit hin zu\nSelbstbestimmung.<\/h2>\t\t\t\t<\/div>\n\t\t\t\t<\/div>\n\t\t\t\t\t<\/div>\n\t\t\t\t<\/div>\n\t\t<div class=\"elementor-element elementor-element-7279d05 e-flex e-con-boxed e-con e-parent\" data-id=\"7279d05\" data-element_type=\"container\">\n\t\t\t\t\t<div class=\"e-con-inner\">\n\t\t<div class=\"elementor-element elementor-element-16278d2 e-con-full e-flex e-con e-child\" data-id=\"16278d2\" data-element_type=\"container\">\n\t\t\t\t<div class=\"elementor-element elementor-element-2c5af35 elementor-widget elementor-widget-image\" data-id=\"2c5af35\" data-element_type=\"widget\" data-widget_type=\"image.default\">\n\t\t\t\t\t\t\t\t\t\t\t\t\t\t\t<img fetchpriority=\"high\" decoding=\"async\" width=\"1024\" height=\"683\" src=\"https:\/\/leben-nach-dem-frauenhaus.de\/wp-content\/uploads\/2025\/11\/IMG_6111-1024x683.jpg\" class=\"attachment-large size-large wp-image-92\" alt=\"\" srcset=\"https:\/\/leben-nach-dem-frauenhaus.de\/wp-content\/uploads\/2025\/11\/IMG_6111-1024x683.jpg 1024w, https:\/\/leben-nach-dem-frauenhaus.de\/wp-content\/uploads\/2025\/11\/IMG_6111-300x200.jpg 300w, https:\/\/leben-nach-dem-frauenhaus.de\/wp-content\/uploads\/2025\/11\/IMG_6111-768x512.jpg 768w, https:\/\/leben-nach-dem-frauenhaus.de\/wp-content\/uploads\/2025\/11\/IMG_6111-1536x1024.jpg 1536w, https:\/\/leben-nach-dem-frauenhaus.de\/wp-content\/uploads\/2025\/11\/IMG_6111-2048x1365.jpg 2048w\" sizes=\"(max-width: 1024px) 100vw, 1024px\" \/>\t\t\t\t\t\t\t\t\t\t\t\t\t\t\t<\/div>\n\t\t\t\t<\/div>\n\t\t<div class=\"elementor-element elementor-element-3e9fd72 e-con-full e-flex e-con e-child\" data-id=\"3e9fd72\" data-element_type=\"container\">\n\t\t\t\t<\/div>\n\t\t\t\t\t<\/div>\n\t\t\t\t<\/div>\n\t\t<div class=\"elementor-element elementor-element-32a0db2 e-flex e-con-boxed e-con e-parent\" data-id=\"32a0db2\" data-element_type=\"container\">\n\t\t\t\t\t<div class=\"e-con-inner\">\n\t\t<div class=\"elementor-element elementor-element-ffc45e9 e-con-full e-flex e-con e-child\" data-id=\"ffc45e9\" data-element_type=\"container\">\n\t\t\t\t<\/div>\n\t\t<div class=\"elementor-element elementor-element-17cb7fb e-con-full e-flex e-con e-child\" data-id=\"17cb7fb\" data-element_type=\"container\">\n\t\t\t\t<div class=\"elementor-element elementor-element-15a77d9 elementor-widget elementor-widget-heading\" data-id=\"15a77d9\" data-element_type=\"widget\" data-widget_type=\"heading.default\">\n\t\t\t\t\t<h2 class=\"elementor-heading-title elementor-size-default\">Frau B, 55 Jahre<\/h2>\t\t\t\t<\/div>\n\t\t\t\t<div class=\"elementor-element elementor-element-64c47b2 elementor-widget elementor-widget-heading\" data-id=\"64c47b2\" data-element_type=\"widget\" data-widget_type=\"heading.default\">\n\t\t\t\t\t<h2 class=\"elementor-heading-title elementor-size-default\">\u201cWenn ich jetzt zur\u00fcckblicke sage ich mir selber \u2018Dankesch\u00f6n\u2019, f\u00fcr das, was ich\nerreicht habe,\u201d<\/h2>\t\t\t\t<\/div>\n\t\t\t\t<div class=\"elementor-element elementor-element-a47cf6a elementor-widget elementor-widget-text-editor\" data-id=\"a47cf6a\" data-element_type=\"widget\" data-widget_type=\"text-editor.default\">\n\t\t\t\t\t\t\t\t\t<audio class=\"wp-audio-shortcode\" id=\"audio-185-1\" preload=\"none\" style=\"width: 100%;\" controls=\"controls\"><source type=\"audio\/mpeg\" src=\"https:\/\/leben-nach-dem-frauenhaus.de\/wp-content\/uploads\/2025\/12\/00_Selbstverwirklichung.mp3?_=1\" \/><a href=\"https:\/\/leben-nach-dem-frauenhaus.de\/wp-content\/uploads\/2025\/12\/00_Selbstverwirklichung.mp3\">https:\/\/leben-nach-dem-frauenhaus.de\/wp-content\/uploads\/2025\/12\/00_Selbstverwirklichung.mp3<\/a><\/audio>\t\t\t\t\t\t\t\t<\/div>\n\t\t\t\t<\/div>\n\t\t\t\t\t<\/div>\n\t\t\t\t<\/div>\n\t\t<div class=\"elementor-element elementor-element-09dd3b0 e-flex e-con-boxed e-con e-parent\" data-id=\"09dd3b0\" data-element_type=\"container\">\n\t\t\t\t\t<div class=\"e-con-inner\">\n\t\t<div class=\"elementor-element elementor-element-95491eb e-con-full e-flex e-con e-child\" data-id=\"95491eb\" data-element_type=\"container\">\n\t\t\t\t<div class=\"elementor-element elementor-element-571f464 elementor-widget elementor-widget-heading\" data-id=\"571f464\" data-element_type=\"widget\" data-widget_type=\"heading.default\">\n\t\t\t\t\t<h2 class=\"elementor-heading-title elementor-size-default\">Frau A, 57 Jahre<\/h2>\t\t\t\t<\/div>\n\t\t\t\t<div class=\"elementor-element elementor-element-9e21e59 elementor-widget elementor-widget-heading\" data-id=\"9e21e59\" data-element_type=\"widget\" data-widget_type=\"heading.default\">\n\t\t\t\t\t<h2 class=\"elementor-heading-title elementor-size-default\">\u201cDie Zeit im Frauenhaus war so sch\u00f6n, weil ich zum ersten Mal die M\u00f6glichkeit hatte,\nangstfrei zu schlafen, angstfrei zu erz\u00e4hlen, dass man Verst\u00e4ndnis f\u00fcr mich hatte,\nund dass ich nicht darauf achten musste, irgendetwas falsch machen zu k\u00f6nnen.\u201d<\/h2>\t\t\t\t<\/div>\n\t\t\t\t<div class=\"elementor-element elementor-element-6a8b931 elementor-widget elementor-widget-text-editor\" data-id=\"6a8b931\" data-element_type=\"widget\" data-widget_type=\"text-editor.default\">\n\t\t\t\t\t\t\t\t\t<audio class=\"wp-audio-shortcode\" id=\"audio-185-2\" preload=\"none\" style=\"width: 100%;\" controls=\"controls\"><source type=\"audio\/mpeg\" src=\"https:\/\/leben-nach-dem-frauenhaus.de\/wp-content\/uploads\/2025\/12\/01_Selbstverwirklichung2.mp3?_=2\" \/><a href=\"https:\/\/leben-nach-dem-frauenhaus.de\/wp-content\/uploads\/2025\/12\/01_Selbstverwirklichung2.mp3\">https:\/\/leben-nach-dem-frauenhaus.de\/wp-content\/uploads\/2025\/12\/01_Selbstverwirklichung2.mp3<\/a><\/audio>\t\t\t\t\t\t\t\t<\/div>\n\t\t\t\t<\/div>\n\t\t<div class=\"elementor-element elementor-element-e782eef e-con-full e-flex e-con e-child\" data-id=\"e782eef\" data-element_type=\"container\">\n\t\t\t\t<\/div>\n\t\t\t\t\t<\/div>\n\t\t\t\t<\/div>\n\t\t\t\t<\/div>\n\t\t","protected":false},"excerpt":{"rendered":"<p>Leben nach dem Frauenhaus selbstverwiklichung Von Partnergewalt sich befreiende Frauen erz\u00e4hlen vom Mut, ins Ungewisse zu gehen \u2013 und von den ersten Momenten des Ankommens im Frauenhaus. Hier entstanden Sicherheit, Selbstwert und die Kraft, eigene Entscheidungen zu treffen. Sie berichten davon, wie Ziele wachsen, wie ein Leben neu geordnet wird und wie kollektiver Kampfgeist entsteht. [&hellip;]<\/p>\n","protected":false},"author":2,"featured_media":0,"parent":0,"menu_order":0,"comment_status":"closed","ping_status":"closed","template":"","meta":{"footnotes":""},"class_list":["post-185","page","type-page","status-publish","hentry"],"_links":{"self":[{"href":"https:\/\/leben-nach-dem-frauenhaus.de\/index.php?rest_route=\/wp\/v2\/pages\/185","targetHints":{"allow":["GET"]}}],"collection":[{"href":"https:\/\/leben-nach-dem-frauenhaus.de\/index.php?rest_route=\/wp\/v2\/pages"}],"about":[{"href":"https:\/\/leben-nach-dem-frauenhaus.de\/index.php?rest_route=\/wp\/v2\/types\/page"}],"author":[{"embeddable":true,"href":"https:\/\/leben-nach-dem-frauenhaus.de\/index.php?rest_route=\/wp\/v2\/users\/2"}],"replies":[{"embeddable":true,"href":"https:\/\/leben-nach-dem-frauenhaus.de\/index.php?rest_route=%2Fwp%2Fv2%2Fcomments&post=185"}],"version-history":[{"count":29,"href":"https:\/\/leben-nach-dem-frauenhaus.de\/index.php?rest_route=\/wp\/v2\/pages\/185\/revisions"}],"predecessor-version":[{"id":437,"href":"https:\/\/leben-nach-dem-frauenhaus.de\/index.php?rest_route=\/wp\/v2\/pages\/185\/revisions\/437"}],"wp:attachment":[{"href":"https:\/\/leben-nach-dem-frauenhaus.de\/index.php?rest_route=%2Fwp%2Fv2%2Fmedia&parent=185"}],"curies":[{"name":"wp","href":"https:\/\/api.w.org\/{rel}","templated":true}]}}